{"id":942,"date":"2024-09-11T10:44:33","date_gmt":"2024-09-11T10:44:33","guid":{"rendered":"https:\/\/isascakes.com\/es\/?post_type=product&#038;p=942"},"modified":"2024-09-27T20:21:21","modified_gmt":"2024-09-27T20:21:21","slug":"12-tres-leches-shots","status":"publish","type":"product","link":"https:\/\/isascakes.com\/es\/candy-bar\/12-tres-leches-shots\/","title":{"rendered":"12 Shots de Tres Leches \u2013 Ricos y Cremosos"},"content":{"rendered":"<p><span style=\"color: #ff0000;\">Por favor, solicita la preparaci\u00f3n con 2 d\u00edas h\u00e1biles de antelaci\u00f3n.<\/span><\/p>\n<p>Date un gusto con una docena de nuestros deliciosos Shots de Tres Leches, conocidos por su textura rica y cremosa hecha con una mezcla de tres leches. Estos shots son un capricho dulce y decadente adecuado para cualquier evento. Tambi\u00e9n tienes la opci\u00f3n de reemplazar los Shots de Tres Leches con Shots de Lim\u00f3n o Shots de Cheesecake de Fresa si prefieres un sabor diferente.<\/p>\n","protected":false},"excerpt":{"rendered":"<p><span style=\"color: #ff0000;\">Por favor, solicita la preparaci\u00f3n con 2 d\u00edas h\u00e1biles de antelaci\u00f3n.<\/span><\/p>\n<p>Disfruta de una docena de nuestros ricos Shots de Tres Leches, con una mezcla cremosa de tres leches. Perfectos para cualquier ocasi\u00f3n.<\/p>\n","protected":false},"featured_media":969,"comment_status":"open","ping_status":"closed","template":"","meta":{"_kadence_starter_templates_imported_post":false,"_kad_post_transparent":"default","_kad_post_title":"","_kad_post_layout":"default","_kad_post_sidebar_id":"","_kad_post_content_style":"default","_kad_post_vertical_padding":"default","_kad_post_feature":"","_kad_post_feature_position":"","_kad_post_header":false,"_kad_post_footer":false,"_kad_post_classname":""},"product_brand":[],"product_cat":[21],"product_tag":[],"class_list":{"0":"post-942","1":"product","2":"type-product","3":"status-publish","4":"has-post-thumbnail","6":"product_cat-candy-bar","8":"first","9":"instock","10":"taxable","11":"shipping-taxable","12":"purchasable","13":"product-type-variable","14":"has-default-attributes","15":"entry","16":"content-bg","17":"loop-entry"},"_links":{"self":[{"href":"https:\/\/isascakes.com\/es\/wp-json\/wp\/v2\/product\/942","targetHints":{"allow":["GET"]}}],"collection":[{"href":"https:\/\/isascakes.com\/es\/wp-json\/wp\/v2\/product"}],"about":[{"href":"https:\/\/isascakes.com\/es\/wp-json\/wp\/v2\/types\/product"}],"replies":[{"embeddable":true,"href":"https:\/\/isascakes.com\/es\/wp-json\/wp\/v2\/comments?post=942"}],"wp:featuredmedia":[{"embeddable":true,"href":"https:\/\/isascakes.com\/es\/wp-json\/wp\/v2\/media\/969"}],"wp:attachment":[{"href":"https:\/\/isascakes.com\/es\/wp-json\/wp\/v2\/media?parent=942"}],"wp:term":[{"taxonomy":"product_brand","embeddable":true,"href":"https:\/\/isascakes.com\/es\/wp-json\/wp\/v2\/product_brand?post=942"},{"taxonomy":"product_cat","embeddable":true,"href":"https:\/\/isascakes.com\/es\/wp-json\/wp\/v2\/product_cat?post=942"},{"taxonomy":"product_tag","embeddable":true,"href":"https:\/\/isascakes.com\/es\/wp-json\/wp\/v2\/product_tag?post=942"}],"curies":[{"name":"wp","href":"https:\/\/api.w.org\/{rel}","templated":true}]}}