{"id":159,"date":"2024-05-29T19:39:38","date_gmt":"2024-05-29T19:39:38","guid":{"rendered":"https:\/\/isascakes.com\/es\/?page_id=159"},"modified":"2024-10-09T23:21:05","modified_gmt":"2024-10-09T23:21:05","slug":"legal","status":"publish","type":"page","link":"https:\/\/isascakes.com\/es\/legal\/","title":{"rendered":"Legal"},"content":{"rendered":"<style>.wp-block-kadence-advancedheading.kt-adv-heading159_465973-68, .wp-block-kadence-advancedheading.kt-adv-heading159_465973-68[data-kb-block=\"kb-adv-heading159_465973-68\"]{font-style:normal;}.wp-block-kadence-advancedheading.kt-adv-heading159_465973-68 mark.kt-highlight, .wp-block-kadence-advancedheading.kt-adv-heading159_465973-68[data-kb-block=\"kb-adv-heading159_465973-68\"] mark.kt-highlight{font-style:normal;color:#f76a0c;-webkit-box-decoration-break:clone;box-decoration-break:clone;padding-top:0px;padding-right:0px;padding-bottom:0px;padding-left:0px;}.wp-block-kadence-advancedheading.kt-adv-heading159_465973-68 img.kb-inline-image, .wp-block-kadence-advancedheading.kt-adv-heading159_465973-68[data-kb-block=\"kb-adv-heading159_465973-68\"] img.kb-inline-image{width:150px;vertical-align:baseline;}<\/style>\n<h1 class=\"kt-adv-heading159_465973-68 wp-block-kadence-advancedheading\" data-kb-block=\"kb-adv-heading159_465973-68\">Aviso legal, Pol\u00edticas de Privacidad y de Cookies<\/h1>\n\n\n\n<h2 class=\"wp-block-heading\">Titular del sitio web isascakes.com<\/h2>\n\n\n\n<ul class=\"wp-block-list\">\n<li>Nombre de la empresa: Isa\u2019s Cakes Corp<\/li>\n\n\n\n<li>N\u00famero de identificaci\u00f3n fiscal (EIN): 99-4641230<\/li>\n\n\n\n<li>Direcci\u00f3n: 10430 nw 74 st unit 207 33178 Miami, Florida, Estados Unidos<\/li>\n\n\n\n<li>Correo Electr\u00f3nico:\u00a0<a href=\"mailto:info@isascakes.com\">info@isascakes.com<\/a><\/li>\n\n\n\n<li>N\u00famero de tel\u00e9fono: +1 (305) 367-1059<\/li>\n<\/ul>\n\n\n\n<p>Al utilizar este sitio web, se entiende que el usuario (en adelante, \u00abt\u00fa\u00bb) ha le\u00eddo, comprendido y aceptado en su totalidad esta p\u00e1gina y cualquier otro aviso o instrucci\u00f3n que aparezca en el sitio web, comprometi\u00e9ndose a utilizarlo de manera adecuada y conforme a la ley, la moral y el orden p\u00fablico.<\/p>\n\n\n\n<p>Nos reservamos el derecho de modificar en cualquier momento los t\u00e9rminos de este sitio web y cualquier otro aviso legal, por lo que te recomendamos revisar esta informaci\u00f3n peri\u00f3dicamente. Si no est\u00e1s de acuerdo con estos t\u00e9rminos, debes abstenerte de utilizar el sitio web.<\/p>\n\n\n\n<h2 class=\"wp-block-heading\">Exenci\u00f3n de responsabilidad<\/h2>\n\n\n\n<p>En este sitio web existen enlaces a sitios web de terceros sobre los que no asumimos responsabilidad.<\/p>\n\n\n\n<h2 class=\"wp-block-heading\">Propiedad intelectual<\/h2>\n\n\n\n<p>Est\u00e1 prohibido cualquier uso del contenido de este sitio web sin la autorizaci\u00f3n escrita del titular. Todos los derechos est\u00e1n reservados seg\u00fan las leyes de propiedad intelectual de los Estados Unidos.<\/p>\n\n\n\n<h2 class=\"wp-block-heading\">Comunicaciones comerciales<\/h2>\n\n\n\n<p>Si recibes mensajes publicitarios de este sitio web y deseas dejar de hacerlo, debes comunicarlo a&nbsp;<a href=\"mailto:info@isascakes.com\">info@isascakes.com<\/a><\/p>\n\n\n\n<h2 class=\"wp-block-heading\">Pol\u00edtica de privacidad<\/h2>\n\n\n\n<p>En cumplimiento de las leyes federales y estatales aplicables de los Estados Unidos, incluyendo pero no limitado a la California Consumer Privacy Act (CCPA) y la California Privacy Rights Act (CPRA), nos comprometemos a proteger la privacidad y confidencialidad de los datos personales que recopilamos a trav\u00e9s de nuestro sitio web.<\/p>\n\n\n\n<h3 class=\"wp-block-heading\">Responsable del tratamiento<\/h3>\n\n\n\n<p>El titular es responsable del tratamiento de los datos personales recopilados a trav\u00e9s de este sitio web. Estos datos ser\u00e1n incluidos en un archivo bajo su responsabilidad.<\/p>\n\n\n\n<h3 class=\"wp-block-heading\">Principio de calidad<\/h3>\n\n\n\n<p>El Usuario ser\u00e1 responsable de cualquier da\u00f1o o perjuicio que ocasione al titular o a cualquier tercero por rellenar los formularios de este sitio web con datos falsos, inexactos o con datos de terceros.<\/p>\n\n\n\n<h3 class=\"wp-block-heading\">Finalidad del tratamiento<\/h3>\n\n\n\n<p>Nuestro sitio web obtiene los datos personales mediante la recepci\u00f3n de formularios y por medio de correo electr\u00f3nico, para:<\/p>\n\n\n\n<ul class=\"wp-block-list\">\n<li>Enviar comunicaciones comerciales relacionadas con los servicios del titular.<\/li>\n\n\n\n<li>Atender la petici\u00f3n de informaci\u00f3n y prestaci\u00f3n de los servicios y productos ofrecidos.<\/li>\n<\/ul>\n\n\n\n<h3 class=\"wp-block-heading\">Recopilaci\u00f3n de informaci\u00f3n<\/h3>\n\n\n\n<p>La \u00fanica informaci\u00f3n que recopilamos son los datos que nos suministras al rellenar un formulario o al enviarnos un mensaje de correo electr\u00f3nico.<\/p>\n\n\n\n<h3 class=\"wp-block-heading\">Derechos de los usuarios<\/h3>\n\n\n\n<p>De acuerdo con las leyes aplicables de los Estados Unidos, puedes ejercer tus derechos de acceso, rectificaci\u00f3n, supresi\u00f3n, oposici\u00f3n, portabilidad y limitaci\u00f3n, escribiendo a&nbsp;<a href=\"mailto:info@isascakes.com\">info@isascakes.com<\/a><\/p>\n\n\n\n<h3 class=\"wp-block-heading\">Plazo de conservaci\u00f3n<\/h3>\n\n\n\n<p>Conservamos los datos durante el tiempo estrictamente necesario para las finalidades del tratamiento para cuyo uso hayan sido proporcionados y siguiendo como criterio el principio de minimizaci\u00f3n de datos contemplado en la normativa aplicable.<\/p>\n\n\n\n<h3 class=\"wp-block-heading\">Legislaci\u00f3n aplicable y jurisdicci\u00f3n<\/h3>\n\n\n\n<p>En caso de cualquier disputa o conflicto de interpretaci\u00f3n de los t\u00e9rminos y condiciones de uso de este sitio web, as\u00ed como cualquier asunto relacionado con los servicios prestados, se aplicar\u00e1 la legislaci\u00f3n de los Estados Unidos.<\/p>\n\n\n\n<p>Para la resoluci\u00f3n de cualquier controversia que pudiera surgir en relaci\u00f3n con el uso de este sitio web y sus servicios, las partes acuerdan someterse a la jurisdicci\u00f3n de los tribunales del estado de Florida, Estados Unidos, con expresa renuncia a cualquier otro fuero que pudiera corresponderles.<\/p>\n\n\n\n<h2 class=\"wp-block-heading\" id=\"cookies\">Cookies<\/h2>\n\n\n\n<p>Este sitio web utiliza cookies para mejorar tu experiencia de navegaci\u00f3n, recordar tus preferencias y mostrar publicidad en funci\u00f3n de tus intereses. Tambi\u00e9n utiliza cookies de Google, Meta, LinkedIn, TikTok y Amazon para mostrar publicidad a usuarios que se parezcan a ti. Si contin\u00faas navegando, aceptas su uso. Si no deseas aceptarlas, puedes configurar tu navegador para rechazarlas, aunque esto puede afectar la funcionalidad del sitio web.<\/p>\n\n\n\n<h2 class=\"wp-block-heading\" id=\"noCookies\">C\u00f3mo controlar las cookies<\/h2>\n\n\n\n<p>La mayor\u00eda de los navegadores permite a los usuarios controlar las cookies mediante las preferencias de configuraci\u00f3n. Es posible que se resienta la experiencia general de uso, ya que no ser\u00e1 una experiencia personalizada. Tambi\u00e9n puede que no sea posible guardar valores de configuraci\u00f3n personalizados como la informaci\u00f3n de inicio de sesi\u00f3n.<\/p>\n\n\n\n<p>Proporcionamos los enlaces necesarios para configurar las opciones respecto a las cookies en cada navegador:<\/p>\n\n\n\n<ul class=\"wp-block-list\">\n<li><a href=\"https:\/\/support.google.com\/chrome\/answer\/95647?hl\" target=\"_blank\" rel=\"noreferrer noopener\">Google Chrome<\/a><\/li>\n\n\n\n<li><a href=\"https:\/\/support.microsoft.com\/en-us\/windows\/manage-cookies-in-microsoft-edge-view-allow-block-delete-and-use-168dab11-0753-043d-7c16-ede5947fc64d\" target=\"_blank\" rel=\"noreferrer noopener\">Edge<\/a><\/li>\n\n\n\n<li><a href=\"https:\/\/support.mozilla.org\/en-US\/kb\/enhanced-tracking-protection-firefox-desktop?redirectslug=enable-and-disable-cookies-website-preferences&amp;redirectlocale=en-US\" target=\"_blank\" rel=\"noreferrer noopener\">Mozilla Firefox<\/a><\/li>\n\n\n\n<li><a href=\"https:\/\/support.apple.com\/guide\/safari\/manage-cookies-sfri11471\/mac\" target=\"_blank\" rel=\"noreferrer noopener\">Safari<\/a><\/li>\n\n\n\n<li><a href=\"https:\/\/help.opera.com\/en\/latest\/web-preferences\/#cookies\" target=\"_blank\" rel=\"noreferrer noopener\">Opera<\/a><\/li>\n<\/ul>\n","protected":false},"excerpt":{"rendered":"<p>Aviso legal, Pol\u00edticas de Privacidad y de Cookies Titular del sitio web isascakes.com Al utilizar este sitio web, se entiende que el usuario (en adelante, \u00abt\u00fa\u00bb) ha le\u00eddo, comprendido y aceptado en su totalidad esta p\u00e1gina y cualquier otro aviso o instrucci\u00f3n que aparezca en el sitio web, comprometi\u00e9ndose a utilizarlo de manera adecuada y&#8230;<\/p>\n","protected":false},"author":1,"featured_media":0,"parent":0,"menu_order":0,"comment_status":"closed","ping_status":"closed","template":"","meta":{"_kadence_starter_templates_imported_post":false,"_kad_post_transparent":"","_kad_post_title":"","_kad_post_layout":"","_kad_post_sidebar_id":"","_kad_post_content_style":"boxed","_kad_post_vertical_padding":"show","_kad_post_feature":"","_kad_post_feature_position":"","_kad_post_header":true,"_kad_post_footer":true,"_kad_post_classname":"","footnotes":""},"class_list":["post-159","page","type-page","status-publish","hentry"],"_links":{"self":[{"href":"https:\/\/isascakes.com\/es\/wp-json\/wp\/v2\/pages\/159","targetHints":{"allow":["GET"]}}],"collection":[{"href":"https:\/\/isascakes.com\/es\/wp-json\/wp\/v2\/pages"}],"about":[{"href":"https:\/\/isascakes.com\/es\/wp-json\/wp\/v2\/types\/page"}],"author":[{"embeddable":true,"href":"https:\/\/isascakes.com\/es\/wp-json\/wp\/v2\/users\/1"}],"replies":[{"embeddable":true,"href":"https:\/\/isascakes.com\/es\/wp-json\/wp\/v2\/comments?post=159"}],"version-history":[{"count":0,"href":"https:\/\/isascakes.com\/es\/wp-json\/wp\/v2\/pages\/159\/revisions"}],"wp:attachment":[{"href":"https:\/\/isascakes.com\/es\/wp-json\/wp\/v2\/media?parent=159"}],"curies":[{"name":"wp","href":"https:\/\/api.w.org\/{rel}","templated":true}]}}