{"id":1536,"date":"2024-10-02T22:36:04","date_gmt":"2024-10-02T22:36:04","guid":{"rendered":"https:\/\/isascakes.com\/es\/?page_id=1536"},"modified":"2026-02-20T21:35:49","modified_gmt":"2026-02-20T21:35:49","slug":"gracias","status":"publish","type":"page","link":"https:\/\/isascakes.com\/es\/pasteles-de-disenador-miami\/cotizar\/gracias\/","title":{"rendered":"Gracias"},"content":{"rendered":"<style>.kb-row-layout-id1536_be8b11-e2 > .kt-row-column-wrap{align-content:center;}:where(.kb-row-layout-id1536_be8b11-e2 > .kt-row-column-wrap) > .wp-block-kadence-column{justify-content:center;}.kb-row-layout-id1536_be8b11-e2 > .kt-row-column-wrap{column-gap:var(--global-kb-gap-md, 2rem);row-gap:var(--global-kb-gap-none, 0rem );max-width:1080px;margin-left:auto;margin-right:auto;padding-top:var(--global-kb-spacing-sm, 1.5rem);padding-right:var(--global-kb-spacing-sm, 1.5rem);padding-bottom:var(--global-kb-spacing-sm, 1.5rem);padding-left:var(--global-kb-spacing-sm, 1.5rem);min-height:100vh;grid-template-columns:minmax(0, 1fr);}.kb-row-layout-id1536_be8b11-e2{background-image:url('https:\/\/isascakes.com\/es\/wp-content\/uploads\/sites\/3\/2026\/02\/isas-cakes-spiderman-custom-cake-1.jpeg');background-size:cover;background-position:70% 50%;background-attachment:scroll;background-repeat:no-repeat;}.kb-row-layout-id1536_be8b11-e2 > .kt-row-layout-overlay{opacity:0.90;background:linear-gradient(45deg,rgb(219,197,158) 0%,var(--global-palette8) 64%);mix-blend-mode:normal;}.kb-row-layout-id1536_be8b11-e2 .kt-row-layout-bottom-sep{height:50px;}.kb-row-layout-id1536_be8b11-e2 .kt-row-layout-bottom-sep svg{width:100%;}.kb-row-layout-id1536_be8b11-e2 .kt-row-layout-bottom-sep svg{fill:var(--global-palette8, #F7FAFC)!important;}@media all and (max-width: 1024px){.kb-row-layout-id1536_be8b11-e2 > .kt-row-column-wrap{row-gap:var(--global-kb-gap-sm, 1rem);grid-template-columns:minmax(0, 1fr);}}@media all and (max-width: 1024px){.kb-row-layout-id1536_be8b11-e2 .kt-row-layout-bottom-sep{height:px;}}@media all and (max-width: 1024px){.kb-row-layout-id1536_be8b11-e2 .kt-row-layout-bottom-sep svg{width:%;}}@media all and (max-width: 767px){.kb-row-layout-id1536_be8b11-e2 > .kt-row-column-wrap{grid-template-columns:minmax(0, 1fr);}.kb-row-layout-id1536_be8b11-e2 > .kt-row-column-wrap > .wp-block-kadence-column:nth-child(1 of *:not(style)){order:1;}.kb-row-layout-id1536_be8b11-e2 > .kt-row-column-wrap > .wp-block-kadence-column:nth-child(2 of *:not(style)){order:11;}.kb-row-layout-id1536_be8b11-e2 > .kt-row-column-wrap > .wp-block-kadence-column:nth-child(3 of *:not(style)){order:21;}.kb-row-layout-id1536_be8b11-e2 > .kt-row-column-wrap > .wp-block-kadence-column:nth-child(4 of *:not(style)){order:31;}.kb-row-layout-id1536_be8b11-e2 .kt-row-layout-bottom-sep{height:px;}.kb-row-layout-id1536_be8b11-e2 .kt-row-layout-bottom-sep svg{width:%;}}<\/style><div class=\"kb-row-layout-wrap kb-row-layout-id1536_be8b11-e2 alignfull kt-row-has-bg wp-block-kadence-rowlayout\"><div class=\"kt-row-layout-overlay kt-row-overlay-gradient\"><\/div><div class=\"kt-row-column-wrap kt-has-1-columns kt-row-layout-equal kt-tab-layout-inherit kt-mobile-layout-row kt-row-valign-middle\">\n<style>.kadence-column1536_edc4b4-d9 > .kt-inside-inner-col{display:flex;}.kadence-column1536_edc4b4-d9 > .kt-inside-inner-col,.kadence-column1536_edc4b4-d9 > .kt-inside-inner-col:before{border-top-left-radius:0px;border-top-right-radius:0px;border-bottom-right-radius:0px;border-bottom-left-radius:0px;}.kadence-column1536_edc4b4-d9 > .kt-inside-inner-col{row-gap:1em;column-gap:var(--global-kb-gap-sm, 1rem);}.kadence-column1536_edc4b4-d9 > .kt-inside-inner-col{flex-direction:column;}.kadence-column1536_edc4b4-d9 > .kt-inside-inner-col > .aligncenter{width:100%;}.kadence-column1536_edc4b4-d9 > .kt-inside-inner-col:before{opacity:0.3;}.kadence-column1536_edc4b4-d9{text-align:center;}.kadence-column1536_edc4b4-d9{position:relative;}@media all and (max-width: 1024px){.kadence-column1536_edc4b4-d9 > .kt-inside-inner-col{flex-direction:column;justify-content:center;}}@media all and (max-width: 767px){.kadence-column1536_edc4b4-d9 > .kt-inside-inner-col{flex-direction:column;justify-content:center;}}<\/style>\n<div class=\"wp-block-kadence-column kadence-column1536_edc4b4-d9\"><div class=\"kt-inside-inner-col\"><style>.wp-block-kadence-advancedheading.kt-adv-heading1536_52d34a-03, .wp-block-kadence-advancedheading.kt-adv-heading1536_52d34a-03[data-kb-block=\"kb-adv-heading1536_52d34a-03\"]{padding-top:0px;padding-right:0px;padding-bottom:0px;padding-left:0px;margin-top:0px;margin-right:0px;margin-bottom:0px;margin-left:0px;text-align:center;font-style:normal;}.wp-block-kadence-advancedheading.kt-adv-heading1536_52d34a-03 mark.kt-highlight, .wp-block-kadence-advancedheading.kt-adv-heading1536_52d34a-03[data-kb-block=\"kb-adv-heading1536_52d34a-03\"] mark.kt-highlight{font-style:normal;color:#f76a0c;-webkit-box-decoration-break:clone;box-decoration-break:clone;padding-top:0px;padding-right:0px;padding-bottom:0px;padding-left:0px;}.wp-block-kadence-advancedheading.kt-adv-heading1536_52d34a-03 img.kb-inline-image, .wp-block-kadence-advancedheading.kt-adv-heading1536_52d34a-03[data-kb-block=\"kb-adv-heading1536_52d34a-03\"] img.kb-inline-image{width:150px;vertical-align:baseline;}<\/style>\n<h1 class=\"kt-adv-heading1536_52d34a-03 wp-block-kadence-advancedheading\" data-kb-block=\"kb-adv-heading1536_52d34a-03\">Gracias<\/h1>\n\n\n<style>.wp-block-kadence-advancedheading.kt-adv-heading1536_2ca5f6-87, .wp-block-kadence-advancedheading.kt-adv-heading1536_2ca5f6-87[data-kb-block=\"kb-adv-heading1536_2ca5f6-87\"]{padding-top:0em;padding-right:0em;padding-bottom:0em;padding-left:0em;margin-top:0em;margin-right:0em;margin-bottom:0em;margin-left:0em;font-style:normal;}.wp-block-kadence-advancedheading.kt-adv-heading1536_2ca5f6-87 mark.kt-highlight, .wp-block-kadence-advancedheading.kt-adv-heading1536_2ca5f6-87[data-kb-block=\"kb-adv-heading1536_2ca5f6-87\"] mark.kt-highlight{font-style:normal;color:#f76a0c;-webkit-box-decoration-break:clone;box-decoration-break:clone;padding-top:0em;padding-right:0em;padding-bottom:0em;padding-left:0em;}.wp-block-kadence-advancedheading.kt-adv-heading1536_2ca5f6-87 img.kb-inline-image, .wp-block-kadence-advancedheading.kt-adv-heading1536_2ca5f6-87[data-kb-block=\"kb-adv-heading1536_2ca5f6-87\"] img.kb-inline-image{width:150px;vertical-align:baseline;}<\/style>\n<p class=\"kt-adv-heading1536_2ca5f6-87 wp-block-kadence-advancedheading\" data-kb-block=\"kb-adv-heading1536_2ca5f6-87\">Tu cotizaci\u00f3n est\u00e1 en camino, te contactaremos lo antes posible<\/p>\n\n\n<style>.wp-block-kadence-advancedheading.kt-adv-heading1536_4b6708-99, .wp-block-kadence-advancedheading.kt-adv-heading1536_4b6708-99[data-kb-block=\"kb-adv-heading1536_4b6708-99\"]{display:block;text-align:center;font-style:normal;}.wp-block-kadence-advancedheading.kt-adv-heading1536_4b6708-99 mark.kt-highlight, .wp-block-kadence-advancedheading.kt-adv-heading1536_4b6708-99[data-kb-block=\"kb-adv-heading1536_4b6708-99\"] mark.kt-highlight{font-style:normal;color:#f76a0c;-webkit-box-decoration-break:clone;box-decoration-break:clone;padding-top:0px;padding-right:0px;padding-bottom:0px;padding-left:0px;}.wp-block-kadence-advancedheading.kt-adv-heading1536_4b6708-99 img.kb-inline-image, .wp-block-kadence-advancedheading.kt-adv-heading1536_4b6708-99[data-kb-block=\"kb-adv-heading1536_4b6708-99\"] img.kb-inline-image{width:150px;vertical-align:baseline;}<\/style>\n<span class=\"kt-adv-heading1536_4b6708-99 wp-block-kadence-advancedheading\" data-kb-block=\"kb-adv-heading1536_4b6708-99\">Ser\u00e1s redirigido a isascakes.com\/es<span data-cursor-char=\".\" data-type-speed=\"100\" class=\"kt-typed-text\">..<\/span><span data-cursor-char=\".\" data-type-speed=\"100\" class=\"kt-typed-text\"><\/span><\/span>\n<\/div><\/div>\n\n<\/div><\/div>\n\n\n    <script async>\r\n        \/\/ Redirigir despu\u00e9s de 5 segundos (5000 milisegundos)\r\n        setTimeout(function() {\r\n            window.location.href = \"https:\/\/isascakes.com\/es\/\"; \/\/ Cambia esto por la URL a la que deseas redirigir\r\n        }, 4000);\r\n    <\/script>\n","protected":false},"excerpt":{"rendered":"<p>Gracias Tu cotizaci\u00f3n est\u00e1 en camino, te contactaremos lo antes posible Ser\u00e1s redirigido a isascakes.com\/es..<\/p>\n","protected":false},"author":1,"featured_media":0,"parent":3968,"menu_order":0,"comment_status":"closed","ping_status":"closed","template":"","meta":{"_kadence_starter_templates_imported_post":false,"_kad_post_transparent":"","_kad_post_title":"","_kad_post_layout":"","_kad_post_sidebar_id":"","_kad_post_content_style":"","_kad_post_vertical_padding":"","_kad_post_feature":"","_kad_post_feature_position":"","_kad_post_header":true,"_kad_post_footer":true,"_kad_post_classname":"","footnotes":""},"class_list":["post-1536","page","type-page","status-publish","hentry"],"_links":{"self":[{"href":"https:\/\/isascakes.com\/es\/wp-json\/wp\/v2\/pages\/1536","targetHints":{"allow":["GET"]}}],"collection":[{"href":"https:\/\/isascakes.com\/es\/wp-json\/wp\/v2\/pages"}],"about":[{"href":"https:\/\/isascakes.com\/es\/wp-json\/wp\/v2\/types\/page"}],"author":[{"embeddable":true,"href":"https:\/\/isascakes.com\/es\/wp-json\/wp\/v2\/users\/1"}],"replies":[{"embeddable":true,"href":"https:\/\/isascakes.com\/es\/wp-json\/wp\/v2\/comments?post=1536"}],"version-history":[{"count":1,"href":"https:\/\/isascakes.com\/es\/wp-json\/wp\/v2\/pages\/1536\/revisions"}],"predecessor-version":[{"id":4115,"href":"https:\/\/isascakes.com\/es\/wp-json\/wp\/v2\/pages\/1536\/revisions\/4115"}],"up":[{"embeddable":true,"href":"https:\/\/isascakes.com\/es\/wp-json\/wp\/v2\/pages\/3968"}],"wp:attachment":[{"href":"https:\/\/isascakes.com\/es\/wp-json\/wp\/v2\/media?parent=1536"}],"curies":[{"name":"wp","href":"https:\/\/api.w.org\/{rel}","templated":true}]}}