{"id":1038,"date":"2024-09-11T13:19:30","date_gmt":"2024-09-11T13:19:30","guid":{"rendered":"https:\/\/isascakes.com\/es\/?page_id=1038"},"modified":"2024-09-11T13:19:48","modified_gmt":"2024-09-11T13:19:48","slug":"creditos","status":"publish","type":"page","link":"https:\/\/isascakes.com\/es\/creditos\/","title":{"rendered":"Cr\u00e9ditos de Dise\u00f1o y Desarrollo Web"},"content":{"rendered":"\n<h2 class=\"wp-block-heading\">Dise\u00f1o y Desarrollo<\/h2>\n\n\n\n<p>Este sitio web fue dise\u00f1ado y desarrollado por&nbsp;<a href=\"https:\/\/miguelyendys.com\/\" target=\"_blank\" rel=\"noreferrer noopener\">Miguel Yendys<\/a>, especialista en crear experiencias web para captar prospectos.<\/p>\n\n\n\n<h2 class=\"wp-block-heading\">Caracter\u00edsticas del Proyecto<\/h2>\n\n\n\n<p>El enfoque de este proyecto incluy\u00f3:<\/p>\n\n\n\n<ul class=\"wp-block-list\">\n<li>Dise\u00f1o responsivo para una experiencia \u00f3ptima en todos los dispositivos<\/li>\n\n\n\n<li>Optimizaci\u00f3n de velocidad y rendimiento<\/li>\n\n\n\n<li>Implementaci\u00f3n de mejores pr\u00e1cticas de SEO<\/li>\n\n\n\n<li>Implementaci\u00f3n de campa\u00f1as publicitarias y estrategias de remarketing<\/li>\n\n\n\n<li>Integraci\u00f3n de funcionalidades personalizadas para satisfacer las necesidades espec\u00edficas del cliente<\/li>\n<\/ul>\n\n\n\n<h2 class=\"wp-block-heading\">Tecnolog\u00edas Utilizadas<\/h2>\n\n\n\n<p>Este sitio fue construido utilizando un potente CMS (Content Management System) y extendiendo sus capacidades con desarrollo personalizado.<\/p>\n\n\n\n<h2 class=\"wp-block-heading\">Contacto<\/h2>\n\n\n\n<p>Si necesitas ayuda para captar prospectos con marketing digital, cont\u00e1ctame.<\/p>\n\n\n\n<p>Email:&nbsp;<a href=\"mailto:hola@miguelyendys.com\">hola@miguelyendys.com<\/a><br>WhatsApp:&nbsp;<a href=\"https:\/\/wa.me\/+56949194041\" rel=\"noopener\">+56 9 4919 4041<\/a><br>Sitio Web:&nbsp;<a href=\"https:\/\/miguelyendys.com\/\" target=\"_blank\" rel=\"noreferrer noopener\">miguelyendys.com<\/a><\/p>\n","protected":false},"excerpt":{"rendered":"<p>Dise\u00f1o y Desarrollo Este sitio web fue dise\u00f1ado y desarrollado por&nbsp;Miguel Yendys, especialista en crear experiencias web para captar prospectos. Caracter\u00edsticas del Proyecto El enfoque de este proyecto incluy\u00f3: Tecnolog\u00edas Utilizadas Este sitio fue construido utilizando un potente CMS (Content Management System) y extendiendo sus capacidades con desarrollo personalizado. Contacto Si necesitas ayuda para captar&#8230;<\/p>\n","protected":false},"author":1,"featured_media":1039,"parent":0,"menu_order":0,"comment_status":"closed","ping_status":"closed","template":"","meta":{"_kadence_starter_templates_imported_post":false,"_kad_post_transparent":"","_kad_post_title":"show","_kad_post_layout":"","_kad_post_sidebar_id":"","_kad_post_content_style":"boxed","_kad_post_vertical_padding":"show","_kad_post_feature":"default","_kad_post_feature_position":"","_kad_post_header":false,"_kad_post_footer":false,"_kad_post_classname":"","footnotes":""},"class_list":["post-1038","page","type-page","status-publish","has-post-thumbnail","hentry"],"_links":{"self":[{"href":"https:\/\/isascakes.com\/es\/wp-json\/wp\/v2\/pages\/1038","targetHints":{"allow":["GET"]}}],"collection":[{"href":"https:\/\/isascakes.com\/es\/wp-json\/wp\/v2\/pages"}],"about":[{"href":"https:\/\/isascakes.com\/es\/wp-json\/wp\/v2\/types\/page"}],"author":[{"embeddable":true,"href":"https:\/\/isascakes.com\/es\/wp-json\/wp\/v2\/users\/1"}],"replies":[{"embeddable":true,"href":"https:\/\/isascakes.com\/es\/wp-json\/wp\/v2\/comments?post=1038"}],"version-history":[{"count":0,"href":"https:\/\/isascakes.com\/es\/wp-json\/wp\/v2\/pages\/1038\/revisions"}],"wp:featuredmedia":[{"embeddable":true,"href":"https:\/\/isascakes.com\/es\/wp-json\/wp\/v2\/media\/1039"}],"wp:attachment":[{"href":"https:\/\/isascakes.com\/es\/wp-json\/wp\/v2\/media?parent=1038"}],"curies":[{"name":"wp","href":"https:\/\/api.w.org\/{rel}","templated":true}]}}